{"id":8787,"date":"2019-04-17T16:31:46","date_gmt":"2019-04-17T14:31:46","guid":{"rendered":"https:\/\/www.agrogreenmallorca.com\/pagina-exemple\/"},"modified":"2024-07-31T09:09:15","modified_gmt":"2024-07-31T07:09:15","slug":"pagina-exemple","status":"publish","type":"page","link":"https:\/\/www.agrogreenmallorca.com\/es\/","title":{"rendered":"AgroGreen Mallorca"},"content":{"rendered":"<section class=\"l-section wpb_row height_auto width_full\"><div class=\"l-section-h i-cf\"><div class=\"g-cols vc_row via_grid cols_1 laptops-cols_inherit tablets-cols_inherit mobiles-cols_1 valign_top type_default stacking_default\"><div class=\"wpb_column vc_column_container\"><div class=\"vc_column-inner\">[rev_slider_vc alias=\u00bbagroesp\u00bb]<\/div><\/div><\/div><\/div><\/section><section class=\"l-section wpb_row height_small with_img\"><div class=\"l-section-img\" role=\"img\" aria-label=\"Imagen\" data-img-width=\"1920\" data-img-height=\"1277\" style=\"background-image: url(https:\/\/www.agrogreenmallorca.com\/wp-content\/uploads\/2019\/07\/fertilizantes-ecologicos-mallorca-ma.jpg);\"><\/div><div class=\"l-section-overlay\" style=\"background:rgba(255,255,255,0.62)\"><\/div><div class=\"l-section-h i-cf\"><div class=\"g-cols vc_row via_grid cols_2 laptops-cols_inherit tablets-cols_inherit mobiles-cols_1 valign_top type_default stacking_default\"><div class=\"wpb_column vc_column_container\"><div class=\"vc_column-inner\"><div class=\"wpb_text_column\"><div class=\"wpb_wrapper\"><p><strong>Agro Green Fertilitzants, SL<\/strong> es una empresa dedicada a la comercializaci\u00f3n de abonos y fertilizantes de la marca <strong><a href=\"http:\/\/www.fertinagro.es\">Fertinagro Biotech<\/a><\/strong>.<\/p>\n<p>Aportamos soluciones t\u00e9cnicas innovadoras en todo lo referente a la nutrici\u00f3n vegetal. Actualmente disponemos de m\u00e1s de 300 referencias en productos especializados para todos los tipos de cultivos.<\/p>\n<p>Disponemos de un servicio t\u00e9cnico agr\u00f3nomo, con el que informamos, asesoramos y supervisamos los agricultores: nos desplazamos directamente en sus fincas y dise\u00f1amos planes de fertilizaci\u00f3n integrales espec\u00edficos para cada finca y agricultor. De este modo se obtiene una mayor producci\u00f3n de mejor calidad y con menor coste.<\/p>\n<\/div><\/div><\/div><\/div><div class=\"wpb_column vc_column_container\"><div class=\"vc_column-inner\"><div class=\"wpb_text_column\"><div class=\"wpb_wrapper\"><p><strong>Distribuci\u00f3n:<\/strong><br \/>\nDisponemos de dos camiones y dos furgonetas para servir nuestros productos por toda la isla de Mallorca.<\/p>\n<p><strong>Sostenibilidad:<\/strong><br \/>\nTrabajamos s\u00f3lo con productos ecol\u00f3gicos y\/o sostenibles.<\/p>\n<\/div><\/div><\/div><\/div><\/div><\/div><\/section>\n","protected":false},"excerpt":{"rendered":"[rev_slider_vc alias=\"agroesp\"]Agro Green Fertilitzants, SL es una empresa dedicada a la comercializaci\u00f3n de abonos y fertilizantes de la marca Fertinagro Biotech. Aportamos soluciones t\u00e9cnicas innovadoras en todo lo referente a...","protected":false},"author":1,"featured_media":0,"parent":0,"menu_order":0,"comment_status":"closed","ping_status":"open","template":"","meta":{"footnotes":""},"class_list":["post-8787","page","type-page","status-publish","hentry"],"_links":{"self":[{"href":"https:\/\/www.agrogreenmallorca.com\/es\/wp-json\/wp\/v2\/pages\/8787","targetHints":{"allow":["GET"]}}],"collection":[{"href":"https:\/\/www.agrogreenmallorca.com\/es\/wp-json\/wp\/v2\/pages"}],"about":[{"href":"https:\/\/www.agrogreenmallorca.com\/es\/wp-json\/wp\/v2\/types\/page"}],"author":[{"embeddable":true,"href":"https:\/\/www.agrogreenmallorca.com\/es\/wp-json\/wp\/v2\/users\/1"}],"replies":[{"embeddable":true,"href":"https:\/\/www.agrogreenmallorca.com\/es\/wp-json\/wp\/v2\/comments?post=8787"}],"version-history":[{"count":6,"href":"https:\/\/www.agrogreenmallorca.com\/es\/wp-json\/wp\/v2\/pages\/8787\/revisions"}],"predecessor-version":[{"id":8940,"href":"https:\/\/www.agrogreenmallorca.com\/es\/wp-json\/wp\/v2\/pages\/8787\/revisions\/8940"}],"wp:attachment":[{"href":"https:\/\/www.agrogreenmallorca.com\/es\/wp-json\/wp\/v2\/media?parent=8787"}],"curies":[{"name":"wp","href":"https:\/\/api.w.org\/{rel}","templated":true}]}}